{"id":17049,"date":"2025-10-08T02:19:41","date_gmt":"2025-10-08T02:19:41","guid":{"rendered":"https:\/\/demo.bravisthemes.com\/cyberguard\/?page_id=141"},"modified":"2026-04-09T11:14:20","modified_gmt":"2026-04-09T16:14:20","slug":"blog","status":"publish","type":"page","link":"https:\/\/enterconn.com\/itsecurity\/blog\/","title":{"rendered":"Blog"},"content":{"rendered":"\t\t<div data-elementor-type=\"wp-page\" data-elementor-id=\"17049\" class=\"elementor elementor-17049\">\n\t\t\t\t<div class=\"elementor-element elementor-element-37d34a2 e-flex e-con-boxed pxl-column-none pxl-row-scroll-none pxl-zoom-point-false pxl-section-overflow-visible pxl-section-fix-none pxl-full-content-with-space-none pxl-bg-color-none pxl-section-overlay-none e-con e-parent \" data-id=\"37d34a2\" data-element_type=\"container\" data-e-type=\"container\">\t\t\t<div class=\"e-con-inner\">\r\n\t\t<div class=\"elementor-element elementor-element-9c8a8ca e-con-full e-flex pxl-column-none pxl-row-scroll-none pxl-zoom-point-false pxl-section-overflow-visible pxl-section-fix-none pxl-full-content-with-space-none pxl-bg-color-none pxl-section-overlay-none e-con e-child \" data-id=\"9c8a8ca\" data-element_type=\"container\" data-e-type=\"container\">\t\t<div class=\"elementor-element elementor-element-509d54c pxl-post-layout-post-1 elementor-widget elementor-widget-pxl_post_grid\" data-id=\"509d54c\" data-element_type=\"widget\" data-e-type=\"widget\" data-widget_type=\"pxl_post_grid.default\">\n\t\t\t\t<div class=\"elementor-widget-container\">\n\t\t\t\t\t\n<div id=\"pxl_post_grid-509d54c-1650\" class=\"pxl-grid pxl-blog-grid pxl-blog-grid1\" data-start-page=\"1\" data-max-pages=\"1\" data-total=\"3\" data-perpage=\"6\" data-next-link=\"\" data-loadmore=\"{&quot;tax&quot;:[&quot;category&quot;],&quot;post_type&quot;:&quot;post&quot;,&quot;layout&quot;:&quot;post-1&quot;,&quot;startPage&quot;:1,&quot;maxPages&quot;:1,&quot;total&quot;:3,&quot;filter&quot;:&quot;false&quot;,&quot;filter_type&quot;:&quot;normal&quot;,&quot;perpage&quot;:&quot;6&quot;,&quot;nextLink&quot;:&quot;&quot;,&quot;source&quot;:&quot;&quot;,&quot;orderby&quot;:&quot;date&quot;,&quot;order&quot;:&quot;desc&quot;,&quot;limit&quot;:&quot;6&quot;,&quot;post_ids&quot;:[],&quot;col_xl&quot;:4,&quot;col_lg&quot;:6,&quot;col_md&quot;:6,&quot;col_sm&quot;:6,&quot;col_xs&quot;:12,&quot;pagination_type&quot;:&quot;pagination&quot;,&quot;show_date&quot;:&quot;true&quot;,&quot;show_author&quot;:&quot;true&quot;,&quot;show_tags&quot;:&quot;true&quot;,&quot;img_size&quot;:&quot;&quot;,&quot;grid_masonry&quot;:&quot;&quot;,&quot;pxl_animate&quot;:&quot;&quot;}\" data-layout=\"masonry\">\n    \n    <div class=\"pxl-grid-inner pxl-grid-masonry row\" data-gutter=\"15\">\n        <div class=\"grid-sizer col-xl-4 col-lg-6 col-md-6 col-sm-6 col-12\"><\/div>\n                    <div class=\"pxl-grid-item col-xl-4 col-lg-6 col-md-6 col-sm-6 col-12 cybersecurity\">\n                <div class=\"pxl-post--inner \" data-wow-duration=\"1.2s\">\n                    <a class=\"pxl-inner-link\" href=\"https:\/\/enterconn.com\/itsecurity\/suite-de-seguridad-ciberseguridad-inteligente-modular-y-escalable\/\"><\/a>\n                                            <div class=\"pxl-post--featured hover-imge-effect3\">\n                            <img fetchpriority=\"high\" decoding=\"async\" class=\"\" src=\"https:\/\/enterconn.com\/itsecurity\/wp-content\/uploads\/2026\/04\/Suite-de-Seguridad-ITsecurity.jpg\" width=\"900\" height=\"502\" alt=\"Suite-de-Seguridad-ITsecurity\" title=\"Suite-de-Seguridad-ITsecurity\" \/>                        <\/div>\n                                        <div class=\"pxl-item-content\">\n                                                                                <div class=\"pxl-item--tags pxl-post-list\">\n                                <a href=\"https:\/\/enterconn.com\/itsecurity\/tag\/siem\/\">\n                                    SIEM                                <\/a>\n                            <\/div>\n                                                <h4 class=\"pxl-post--title\">Suite de Seguridad: Ciberseguridad Inteligente, Modular y Escalable<\/h4>\n                        <div class=\"pxl-post-meta pxl-flex\">\n                                                                                            <div class=\"pxl-post--author pxl-flex\">\n                                    <div class=\"pxl-author--img\">\n                                        <img alt='4dm1ts3c' src='https:\/\/secure.gravatar.com\/avatar\/5931d8c87ea8948a2578a282725d73953477f1c5436c3ace4d75764b8a1a30b1?s=60&#038;d=mm&#038;r=g' srcset='https:\/\/secure.gravatar.com\/avatar\/5931d8c87ea8948a2578a282725d73953477f1c5436c3ace4d75764b8a1a30b1?s=120&#038;d=mm&#038;r=g 2x' class='avatar avatar-60 photo' height='60' width='60' \/>                                    <\/div>\n                                    <div class=\"pxl-author-meta\">\n                                        4dm1ts3c                                    <\/div>\n                                <\/div>\n                                                                                        <div class=\"pxl-item--date pxl-flex\">\n                                    <i class=\"fal fa-calendar-alt\"><\/i>\n                                    29 Abr 2026                                <\/div>\n                                                    <\/div>\n                    <\/div>\n                <\/div>\n            <\/div>\n                    <div class=\"pxl-grid-item col-xl-4 col-lg-6 col-md-6 col-sm-6 col-12 cybersecurity\">\n                <div class=\"pxl-post--inner \" data-wow-duration=\"1.2s\">\n                    <a class=\"pxl-inner-link\" href=\"https:\/\/enterconn.com\/itsecurity\/ataques-de-seguridad-informatica-en-el-mundo-y-sus-consecuencias-3\/\"><\/a>\n                                            <div class=\"pxl-post--featured hover-imge-effect3\">\n                            <img decoding=\"async\" class=\"\" src=\"https:\/\/enterconn.com\/itsecurity\/wp-content\/uploads\/2026\/04\/Ataques-de-seguridad-informatica-en-el-mundo-y-sus-consecuencias-Colombia.jpg\" width=\"900\" height=\"502\" alt=\"Ataques-de-seguridad-informatica-en-el-mundo-y-sus-consecuencias-Colombia\" title=\"Ataques-de-seguridad-informatica-en-el-mundo-y-sus-consecuencias-Colombia\" \/>                        <\/div>\n                                        <div class=\"pxl-item-content\">\n                                                <h4 class=\"pxl-post--title\">Ataques de seguridad inform\u00e1tica en el mundo y sus consecuencias<\/h4>\n                        <div class=\"pxl-post-meta pxl-flex\">\n                                                                                            <div class=\"pxl-post--author pxl-flex\">\n                                    <div class=\"pxl-author--img\">\n                                        <img alt='4dm1ts3c' src='https:\/\/secure.gravatar.com\/avatar\/5931d8c87ea8948a2578a282725d73953477f1c5436c3ace4d75764b8a1a30b1?s=60&#038;d=mm&#038;r=g' srcset='https:\/\/secure.gravatar.com\/avatar\/5931d8c87ea8948a2578a282725d73953477f1c5436c3ace4d75764b8a1a30b1?s=120&#038;d=mm&#038;r=g 2x' class='avatar avatar-60 photo' height='60' width='60' \/>                                    <\/div>\n                                    <div class=\"pxl-author-meta\">\n                                        4dm1ts3c                                    <\/div>\n                                <\/div>\n                                                                                        <div class=\"pxl-item--date pxl-flex\">\n                                    <i class=\"fal fa-calendar-alt\"><\/i>\n                                    13 Abr 2026                                <\/div>\n                                                    <\/div>\n                    <\/div>\n                <\/div>\n            <\/div>\n                    <div class=\"pxl-grid-item col-xl-4 col-lg-6 col-md-6 col-sm-6 col-12 cybersecurity\">\n                <div class=\"pxl-post--inner \" data-wow-duration=\"1.2s\">\n                    <a class=\"pxl-inner-link\" href=\"https:\/\/enterconn.com\/itsecurity\/ataques-de-seguridad-informatica-en-el-mundo-y-sus-consecuencias-2\/\"><\/a>\n                                            <div class=\"pxl-post--featured hover-imge-effect3\">\n                            <img decoding=\"async\" class=\"\" src=\"https:\/\/enterconn.com\/itsecurity\/wp-content\/uploads\/2026\/04\/Ataques-de-seguridad-informatica-en-el-mundo-y-sus-consecuencias-Colombia.jpg\" width=\"900\" height=\"502\" alt=\"Ataques-de-seguridad-informatica-en-el-mundo-y-sus-consecuencias-Colombia\" title=\"Ataques-de-seguridad-informatica-en-el-mundo-y-sus-consecuencias-Colombia\" \/>                        <\/div>\n                                        <div class=\"pxl-item-content\">\n                                                <h4 class=\"pxl-post--title\">Ataques de seguridad inform\u00e1tica en el mundo y sus consecuencias<\/h4>\n                        <div class=\"pxl-post-meta pxl-flex\">\n                                                                                            <div class=\"pxl-post--author pxl-flex\">\n                                    <div class=\"pxl-author--img\">\n                                        <img alt='4dm1ts3c' src='https:\/\/secure.gravatar.com\/avatar\/5931d8c87ea8948a2578a282725d73953477f1c5436c3ace4d75764b8a1a30b1?s=60&#038;d=mm&#038;r=g' srcset='https:\/\/secure.gravatar.com\/avatar\/5931d8c87ea8948a2578a282725d73953477f1c5436c3ace4d75764b8a1a30b1?s=120&#038;d=mm&#038;r=g 2x' class='avatar avatar-60 photo' height='60' width='60' \/>                                    <\/div>\n                                    <div class=\"pxl-author-meta\">\n                                        4dm1ts3c                                    <\/div>\n                                <\/div>\n                                                                                        <div class=\"pxl-item--date pxl-flex\">\n                                    <i class=\"fal fa-calendar-alt\"><\/i>\n                                    6 Abr 2026                                <\/div>\n                                                    <\/div>\n                    <\/div>\n                <\/div>\n            <\/div>\n            <\/div>\n            <div class=\"pxl-grid-pagination\">\n                    <\/div>\n        <\/div>\t\t\t\t<\/div>\n\t\t\t\t<\/div>\n\t\t\t\t<\/div>\r\n\t\t\t\t\t<\/div>\r\n\t\t\t\t<\/div>\r\n\t\t<div class=\"elementor-element elementor-element-444e276 e-flex e-con-boxed pxl-column-none pxl-row-scroll-none pxl-zoom-point-false pxl-section-overflow-visible pxl-section-fix-none pxl-full-content-with-space-none pxl-bg-color-none pxl-section-overlay-none e-con e-parent \" data-id=\"444e276\" data-element_type=\"container\" data-e-type=\"container\">\t\t\t<div class=\"e-con-inner\">\r\n\t\t\t\t\t<\/div>\r\n\t\t\t\t<\/div>\r\n\t\t<div class=\"elementor-element elementor-element-8c1a055 e-grid e-con-boxed pxl-column-none pxl-row-scroll-none pxl-zoom-point-false pxl-section-overflow-visible pxl-section-fix-none pxl-full-content-with-space-none pxl-bg-color-none pxl-section-overlay-none e-con e-parent \" data-id=\"8c1a055\" data-element_type=\"container\" data-e-type=\"container\" data-settings=\"{&quot;background_background&quot;:&quot;classic&quot;}\">\t\t\t<div class=\"e-con-inner\">\r\n\t\t\t\t<div class=\"elementor-element elementor-element-38c0870 elementor-widget elementor-widget-pxl_text_editor\" data-id=\"38c0870\" data-element_type=\"widget\" data-e-type=\"widget\" data-widget_type=\"pxl_text_editor.default\">\n\t\t\t\t<div class=\"elementor-widget-container\">\n\t\t\t\t\t<div id=\"pxl_text_editor-38c0870-5172\" class=\"pxl-image-wg\" duration=\"1\">\n\t<div class=\"pxl-text-editor\">\n\t\t<div class=\"pxl-item--inner \" data-wow-delay=\"ms\">\n\t\t\t<h3 style=\"text-align: center\"><span style=\"color: #ffffff\">Suscr\u00edbete a nuestro bolet\u00edn de noticias.<\/span><\/h3><p>Mantente un paso adelante en tecnolog\u00eda y ciberseguridad. Recibe an\u00e1lisis claros, alertas relevantes y buenas pr\u00e1cticas directamente en tu correo. Sin spam. Solo informaci\u00f3n \u00fatil.<\/p>\t\t\n\t\t<\/div>\n\t<\/div>\n<\/div>\t\t\t\t<\/div>\n\t\t\t\t<\/div>\n\t\t\t\t<div class=\"elementor-element elementor-element-c12389a elementor-widget elementor-widget-html\" data-id=\"c12389a\" data-element_type=\"widget\" data-e-type=\"widget\" data-widget_type=\"html.default\">\n\t\t\t\t\t<input type=\"hidden\" name=\"procaptcha\">\r\n<p>\r\n    <label>Direcci\u00f3n de correo electr\u00f3nico<\/label>\r\n    <input type=\"email\" name=\"EMAIL\"\r\n    placeholder=\"Tu direcci\u00f3n de correo electr\u00f3nico\" autocomplete=\"email\" required=\"\">\r\n<p>\r\n    <input type=\"submit\" value=\"Registro\">\r\n<\/p>\r\n\t\t\t\t<\/div>\n\t\t\t\t\t<\/div>\r\n\t\t\t\t<\/div>\r\n\t\t\t\t<\/div>\n\t\t","protected":false},"excerpt":{"rendered":"<p>Ataques de seguridad inform\u00e1tica en el mundo y sus consecuencias itsecurity 9 Dic 2015 Suscr\u00edbete a nuestro bolet\u00edn de noticias. Mantente un paso adelante en tecnolog\u00eda y ciberseguridad. Recibe an\u00e1lisis claros, alertas relevantes y buenas pr\u00e1cticas directamente en tu correo. Sin spam. Solo informaci\u00f3n \u00fatil. Direcci\u00f3n de correo electr\u00f3nico<\/p>\n","protected":false},"author":1,"featured_media":0,"parent":0,"menu_order":0,"comment_status":"closed","ping_status":"closed","template":"","meta":{"footnotes":""},"class_list":["post-17049","page","type-page","status-publish","hentry"],"_links":{"self":[{"href":"https:\/\/enterconn.com\/itsecurity\/wp-json\/wp\/v2\/pages\/17049","targetHints":{"allow":["GET"]}}],"collection":[{"href":"https:\/\/enterconn.com\/itsecurity\/wp-json\/wp\/v2\/pages"}],"about":[{"href":"https:\/\/enterconn.com\/itsecurity\/wp-json\/wp\/v2\/types\/page"}],"author":[{"embeddable":true,"href":"https:\/\/enterconn.com\/itsecurity\/wp-json\/wp\/v2\/users\/1"}],"replies":[{"embeddable":true,"href":"https:\/\/enterconn.com\/itsecurity\/wp-json\/wp\/v2\/comments?post=17049"}],"version-history":[{"count":1,"href":"https:\/\/enterconn.com\/itsecurity\/wp-json\/wp\/v2\/pages\/17049\/revisions"}],"predecessor-version":[{"id":17185,"href":"https:\/\/enterconn.com\/itsecurity\/wp-json\/wp\/v2\/pages\/17049\/revisions\/17185"}],"wp:attachment":[{"href":"https:\/\/enterconn.com\/itsecurity\/wp-json\/wp\/v2\/media?parent=17049"}],"curies":[{"name":"wp","href":"https:\/\/api.w.org\/{rel}","templated":true}]}}