{"id":12069,"date":"2026-03-13T13:49:09","date_gmt":"2026-03-13T18:49:09","guid":{"rendered":"https:\/\/www.calivirtual.com.co\/demo2\/?page_id=12069"},"modified":"2026-04-15T15:24:22","modified_gmt":"2026-04-15T20:24:22","slug":"conectividad-y-acceso-seguro","status":"publish","type":"page","link":"https:\/\/enterconn.com\/itsecurity\/conectividad-y-acceso-seguro\/","title":{"rendered":"Conectividad y Acceso Seguro"},"content":{"rendered":"\t\t<div data-elementor-type=\"wp-page\" data-elementor-id=\"12069\" class=\"elementor elementor-12069\">\n\t\t\t\t<div class=\"elementor-element elementor-element-9988a5b e-flex e-con-boxed pxl-column-none pxl-row-scroll-none pxl-zoom-point-false pxl-section-overflow-visible pxl-section-fix-none pxl-full-content-with-space-none pxl-bg-color-none pxl-section-overlay-none e-con e-parent \" data-id=\"9988a5b\" data-element_type=\"container\" data-e-type=\"container\" data-settings=\"{&quot;background_background&quot;:&quot;classic&quot;}\">\t\t\t<div class=\"e-con-inner\">\r\n\t\t<div class=\"elementor-element elementor-element-5300e60 e-con-full e-flex pxl-column-none pxl-row-scroll-none pxl-zoom-point-false pxl-section-overflow-visible pxl-section-fix-none pxl-full-content-with-space-none pxl-bg-color-none pxl-section-overlay-none e-con e-child \" data-id=\"5300e60\" data-element_type=\"container\" data-e-type=\"container\"><div class=\"elementor-element elementor-element-05de805 e-con-full e-flex pxl-column-none pxl-row-scroll-none pxl-zoom-point-false pxl-section-overflow-visible pxl-section-fix-none pxl-full-content-with-space-none pxl-bg-color-none pxl-section-overlay-none e-con e-child \" data-id=\"05de805\" data-element_type=\"container\" data-e-type=\"container\">\t\t<div class=\"elementor-element elementor-element-b9a9759 elementor-widget elementor-widget-pxl_banner_box\" data-id=\"b9a9759\" data-element_type=\"widget\" data-e-type=\"widget\" data-widget_type=\"pxl_banner_box.default\">\n\t\t\t\t<div class=\"elementor-widget-container\">\n\t\t\t\t\t\r\n<div id=\"pxl_banner_box-b9a9759-5344\" class=\"pxl-banner-box pxl-banner-box1 \" data-wow-delay=\"ms\">\r\n    <div class=\"pxl-banner-inner style-default\">\r\n        <a class=\"pxl-inner-link\" href=\"https:\/\/enterconn.com\/itsecurity\/service\/firewalls-de-nueva-generacion-ngfw\/\"><\/a>\r\n        <div class=\"row\">\r\n            <div class=\"col-sm-6\">\r\n                <div class=\"pxl-item-content\">\r\n                                            <h3 class=\"pxl-item-title\">\r\n                            Firewalls de Nueva Generaci\u00f3n (NGFW)                        <\/h3>\r\n                                                                <div class=\"pxl-item-desc\">\r\n                            Protegemos el per\u00edmetro y el tr\u00e1fico interno con tecnolog\u00edas avanzadas.                        <\/div>\r\n                                    <\/div>\r\n            <\/div>\r\n            <div class=\"col-sm-6\">\r\n                <div class=\"pxl-inner-section\">\r\n                                            <div class=\"pxl-item--img\">\r\n                            <img fetchpriority=\"high\" decoding=\"async\" class=\"\" src=\"https:\/\/enterconn.com\/itsecurity\/wp-content\/uploads\/2026\/03\/Firewalls-de-Nueva-Generacion-NGFW.jpg\" width=\"800\" height=\"800\" alt=\"Firewalls de Nueva Generaci\u00f3n (NGFW)\" title=\"Firewalls de Nueva Generaci\u00f3n (NGFW)\" \/>                        <\/div>\r\n                                                                <div class=\"pxl-item-number\">\r\n                            01                        <\/div>\r\n                                    <\/div>\r\n            <\/div>\r\n        <\/div>\r\n    <\/div>\r\n<\/div>\t\t\t\t<\/div>\n\t\t\t\t<\/div>\n\t\t\t\t<\/div>\r\n\t\t<div class=\"elementor-element elementor-element-3a87e0c e-con-full e-flex pxl-column-none pxl-row-scroll-none pxl-zoom-point-false pxl-section-overflow-visible pxl-section-fix-none pxl-full-content-with-space-none pxl-bg-color-none pxl-section-overlay-none e-con e-child \" data-id=\"3a87e0c\" data-element_type=\"container\" data-e-type=\"container\">\t\t<div class=\"elementor-element elementor-element-dd959b2 elementor-widget elementor-widget-pxl_banner_box\" data-id=\"dd959b2\" data-element_type=\"widget\" data-e-type=\"widget\" data-widget_type=\"pxl_banner_box.default\">\n\t\t\t\t<div class=\"elementor-widget-container\">\n\t\t\t\t\t\r\n<div id=\"pxl_banner_box-dd959b2-2934\" class=\"pxl-banner-box pxl-banner-box1 \" data-wow-delay=\"ms\">\r\n    <div class=\"pxl-banner-inner style3\">\r\n        <a class=\"pxl-inner-link\" href=\"https:\/\/enterconn.com\/itsecurity\/service\/acceso-seguro-zero-trust-ztna\/\"><\/a>\r\n        <div class=\"row\">\r\n            <div class=\"col-sm-6\">\r\n                <div class=\"pxl-item-content\">\r\n                                            <h3 class=\"pxl-item-title\">\r\n                            Acceso Seguro Zero Trust (ZTNA)                        <\/h3>\r\n                                                                <div class=\"pxl-item-desc\">\r\n                            Acceso seguro sin exponer la red, validando continuamente identidad y contexto.                        <\/div>\r\n                                    <\/div>\r\n            <\/div>\r\n            <div class=\"col-sm-6\">\r\n                <div class=\"pxl-inner-section\">\r\n                                            <div class=\"pxl-item--img\">\r\n                            <img decoding=\"async\" class=\"\" src=\"https:\/\/enterconn.com\/itsecurity\/wp-content\/uploads\/2026\/03\/Acceso-Seguro-Zero-Trust.jpg\" width=\"800\" height=\"800\" alt=\"Acceso Seguro Zero Trust\" title=\"Acceso Seguro Zero Trust\" \/>                        <\/div>\r\n                                                                <div class=\"pxl-item-number\">\r\n                            02                        <\/div>\r\n                                    <\/div>\r\n            <\/div>\r\n        <\/div>\r\n    <\/div>\r\n<\/div>\t\t\t\t<\/div>\n\t\t\t\t<\/div>\n\t\t\t\t<\/div>\r\n\t\t\t\t<\/div>\r\n\t\t<div class=\"elementor-element elementor-element-8abb520 e-con-full e-flex pxl-column-none pxl-row-scroll-none pxl-zoom-point-false pxl-section-overflow-visible pxl-section-fix-none pxl-full-content-with-space-none pxl-bg-color-none pxl-section-overlay-none e-con e-child \" data-id=\"8abb520\" data-element_type=\"container\" data-e-type=\"container\"><div class=\"elementor-element elementor-element-0e2824c e-con-full e-flex pxl-column-none pxl-row-scroll-none pxl-zoom-point-false pxl-section-overflow-visible pxl-section-fix-none pxl-full-content-with-space-none pxl-bg-color-none pxl-section-overlay-none e-con e-child \" data-id=\"0e2824c\" data-element_type=\"container\" data-e-type=\"container\">\t\t<div class=\"elementor-element elementor-element-e01388d elementor-widget elementor-widget-pxl_banner_box\" data-id=\"e01388d\" data-element_type=\"widget\" data-e-type=\"widget\" data-widget_type=\"pxl_banner_box.default\">\n\t\t\t\t<div class=\"elementor-widget-container\">\n\t\t\t\t\t\r\n<div id=\"pxl_banner_box-e01388d-1246\" class=\"pxl-banner-box pxl-banner-box1 \" data-wow-delay=\"ms\">\r\n    <div class=\"pxl-banner-inner style3\">\r\n        <a class=\"pxl-inner-link\" href=\"https:\/\/enterconn.com\/itsecurity\/service\/balanceo-de-carga-y-alta-disponibilidad-gslb\/\"><\/a>\r\n        <div class=\"row\">\r\n            <div class=\"col-sm-6\">\r\n                <div class=\"pxl-item-content\">\r\n                                            <h3 class=\"pxl-item-title\">\r\n                            Balanceo de Carga y Alta Disponibilidad (GSLB)                        <\/h3>\r\n                                                                <div class=\"pxl-item-desc\">\r\n                            Disponibilidad de aplicaciones mediante distribuci\u00f3n inteligente del tr\u00e1fico.                        <\/div>\r\n                                    <\/div>\r\n            <\/div>\r\n            <div class=\"col-sm-6\">\r\n                <div class=\"pxl-inner-section\">\r\n                                            <div class=\"pxl-item--img\">\r\n                            <img decoding=\"async\" class=\"\" src=\"https:\/\/enterconn.com\/itsecurity\/wp-content\/uploads\/2026\/03\/Balanceo-de-Carga-y-Alta-Disponibilidad-GSLB.jpg\" width=\"800\" height=\"800\" alt=\"Balanceo de Carga y Alta Disponibilidad GSLB\" title=\"Balanceo de Carga y Alta Disponibilidad GSLB\" \/>                        <\/div>\r\n                                                                <div class=\"pxl-item-number\">\r\n                            03                        <\/div>\r\n                                    <\/div>\r\n            <\/div>\r\n        <\/div>\r\n    <\/div>\r\n<\/div>\t\t\t\t<\/div>\n\t\t\t\t<\/div>\n\t\t\t\t<\/div>\r\n\t\t<div class=\"elementor-element elementor-element-126c2d7 e-con-full e-flex pxl-column-none pxl-row-scroll-none pxl-zoom-point-false pxl-section-overflow-visible pxl-section-fix-none pxl-full-content-with-space-none pxl-bg-color-none pxl-section-overlay-none e-con e-child \" data-id=\"126c2d7\" data-element_type=\"container\" data-e-type=\"container\">\t\t<div class=\"elementor-element elementor-element-3a1d8ce elementor-widget elementor-widget-pxl_banner_box\" data-id=\"3a1d8ce\" data-element_type=\"widget\" data-e-type=\"widget\" data-widget_type=\"pxl_banner_box.default\">\n\t\t\t\t<div class=\"elementor-widget-container\">\n\t\t\t\t\t\r\n<div id=\"pxl_banner_box-3a1d8ce-3166\" class=\"pxl-banner-box pxl-banner-box1 \" data-wow-delay=\"ms\">\r\n    <div class=\"pxl-banner-inner style-default\">\r\n        <a class=\"pxl-inner-link\" href=\"https:\/\/enterconn.com\/itsecurity\/service\/redes-lan-wan-empresariales\/\"><\/a>\r\n        <div class=\"row\">\r\n            <div class=\"col-sm-6\">\r\n                <div class=\"pxl-item-content\">\r\n                                            <h3 class=\"pxl-item-title\">\r\n                            Redes LAN \/ WAN Empresariales                        <\/h3>\r\n                                                                <div class=\"pxl-item-desc\">\r\n                            Implementamos redes inal\u00e1mbricas seguras y gestionadas.                        <\/div>\r\n                                    <\/div>\r\n            <\/div>\r\n            <div class=\"col-sm-6\">\r\n                <div class=\"pxl-inner-section\">\r\n                                            <div class=\"pxl-item--img\">\r\n                            <img loading=\"lazy\" decoding=\"async\" class=\"\" src=\"https:\/\/enterconn.com\/itsecurity\/wp-content\/uploads\/2026\/04\/Redes-LAN-WAN-Empresariales-1000x1000.jpg\" width=\"1000\" height=\"1000\" alt=\"Redes LAN - WAN Empresariales\" title=\"Redes LAN - WAN Empresariales\" \/>                        <\/div>\r\n                                                                <div class=\"pxl-item-number\">\r\n                            04                        <\/div>\r\n                                    <\/div>\r\n            <\/div>\r\n        <\/div>\r\n    <\/div>\r\n<\/div>\t\t\t\t<\/div>\n\t\t\t\t<\/div>\n\t\t\t\t<\/div>\r\n\t\t\t\t<\/div>\r\n\t\t<div class=\"elementor-element elementor-element-4ec0a16 e-con-full e-flex pxl-column-none pxl-row-scroll-none pxl-zoom-point-false pxl-section-overflow-visible pxl-section-fix-none pxl-full-content-with-space-none pxl-bg-color-none pxl-section-overlay-none e-con e-child \" data-id=\"4ec0a16\" data-element_type=\"container\" data-e-type=\"container\"><div class=\"elementor-element elementor-element-912d4c7 e-con-full e-flex pxl-column-none pxl-row-scroll-none pxl-zoom-point-false pxl-section-overflow-visible pxl-section-fix-none pxl-full-content-with-space-none pxl-bg-color-none pxl-section-overlay-none e-con e-child \" data-id=\"912d4c7\" data-element_type=\"container\" data-e-type=\"container\">\t\t<div class=\"elementor-element elementor-element-6b83e98 elementor-widget elementor-widget-pxl_banner_box\" data-id=\"6b83e98\" data-element_type=\"widget\" data-e-type=\"widget\" data-widget_type=\"pxl_banner_box.default\">\n\t\t\t\t<div class=\"elementor-widget-container\">\n\t\t\t\t\t\r\n<div id=\"pxl_banner_box-6b83e98-3917\" class=\"pxl-banner-box pxl-banner-box1 \" data-wow-delay=\"ms\">\r\n    <div class=\"pxl-banner-inner style-default\">\r\n        <a class=\"pxl-inner-link\" href=\"https:\/\/enterconn.com\/itsecurity\/service\/acceso-seguro-inalambrico-wireless\/\"><\/a>\r\n        <div class=\"row\">\r\n            <div class=\"col-sm-6\">\r\n                <div class=\"pxl-item-content\">\r\n                                            <h3 class=\"pxl-item-title\">\r\n                            Acceso Seguro Inal\u00e1mbrico (Wireless)                        <\/h3>\r\n                                                                <div class=\"pxl-item-desc\">\r\n                            Implementamos redes inal\u00e1mbricas seguras y gestionadas.                        <\/div>\r\n                                    <\/div>\r\n            <\/div>\r\n            <div class=\"col-sm-6\">\r\n                <div class=\"pxl-inner-section\">\r\n                                            <div class=\"pxl-item--img\">\r\n                            <img loading=\"lazy\" decoding=\"async\" class=\"\" src=\"https:\/\/enterconn.com\/itsecurity\/wp-content\/uploads\/2026\/03\/Acceso-Seguro-Inalambrico-Wireless.jpg\" width=\"800\" height=\"800\" alt=\"Acceso Seguro Inal\u00e1mbrico-Wireless\" title=\"Acceso Seguro Inal\u00e1mbrico-Wireless\" \/>                        <\/div>\r\n                                                                <div class=\"pxl-item-number\">\r\n                            05                        <\/div>\r\n                                    <\/div>\r\n            <\/div>\r\n        <\/div>\r\n    <\/div>\r\n<\/div>\t\t\t\t<\/div>\n\t\t\t\t<\/div>\n\t\t\t\t<\/div>\r\n\t\t<div class=\"elementor-element elementor-element-5858cc7 e-con-full e-flex pxl-column-none pxl-row-scroll-none pxl-zoom-point-false pxl-section-overflow-visible pxl-section-fix-none pxl-full-content-with-space-none pxl-bg-color-none pxl-section-overlay-none e-con e-child \" data-id=\"5858cc7\" data-element_type=\"container\" data-e-type=\"container\">\t\t<\/div>\r\n\t\t\t\t<\/div>\r\n\t\t\t\t\t<\/div>\r\n\t\t\t\t<\/div>\r\n\t\t\t\t<\/div>\n\t\t","protected":false},"excerpt":{"rendered":"<p>Firewalls de Nueva Generaci\u00f3n (NGFW) Protegemos el per\u00edmetro y el tr\u00e1fico interno con tecnolog\u00edas avanzadas. 01 Acceso Seguro Zero Trust (ZTNA) Acceso seguro sin exponer la red, validando continuamente identidad y contexto. 02 Balanceo de Carga y Alta Disponibilidad (GSLB) Disponibilidad de aplicaciones mediante distribuci\u00f3n inteligente del tr\u00e1fico. 03 Redes LAN \/ WAN Empresariales Implementamos [&hellip;]<\/p>\n","protected":false},"author":1,"featured_media":16565,"parent":0,"menu_order":0,"comment_status":"closed","ping_status":"closed","template":"","meta":{"footnotes":""},"class_list":["post-12069","page","type-page","status-publish","has-post-thumbnail","hentry"],"_links":{"self":[{"href":"https:\/\/enterconn.com\/itsecurity\/wp-json\/wp\/v2\/pages\/12069","targetHints":{"allow":["GET"]}}],"collection":[{"href":"https:\/\/enterconn.com\/itsecurity\/wp-json\/wp\/v2\/pages"}],"about":[{"href":"https:\/\/enterconn.com\/itsecurity\/wp-json\/wp\/v2\/types\/page"}],"author":[{"embeddable":true,"href":"https:\/\/enterconn.com\/itsecurity\/wp-json\/wp\/v2\/users\/1"}],"replies":[{"embeddable":true,"href":"https:\/\/enterconn.com\/itsecurity\/wp-json\/wp\/v2\/comments?post=12069"}],"version-history":[{"count":16,"href":"https:\/\/enterconn.com\/itsecurity\/wp-json\/wp\/v2\/pages\/12069\/revisions"}],"predecessor-version":[{"id":17502,"href":"https:\/\/enterconn.com\/itsecurity\/wp-json\/wp\/v2\/pages\/12069\/revisions\/17502"}],"wp:featuredmedia":[{"embeddable":true,"href":"https:\/\/enterconn.com\/itsecurity\/wp-json\/wp\/v2\/media\/16565"}],"wp:attachment":[{"href":"https:\/\/enterconn.com\/itsecurity\/wp-json\/wp\/v2\/media?parent=12069"}],"curies":[{"name":"wp","href":"https:\/\/api.w.org\/{rel}","templated":true}]}}