{"id":12067,"date":"2026-03-13T13:48:59","date_gmt":"2026-03-13T18:48:59","guid":{"rendered":"https:\/\/www.calivirtual.com.co\/demo2\/?page_id=12067"},"modified":"2026-04-29T14:59:14","modified_gmt":"2026-04-29T19:59:14","slug":"infraestructura-y-cloud","status":"publish","type":"page","link":"https:\/\/enterconn.com\/itsecurity\/infraestructura-y-cloud\/","title":{"rendered":"Infraestructura &#038; Cloud"},"content":{"rendered":"\t\t<div data-elementor-type=\"wp-page\" data-elementor-id=\"12067\" class=\"elementor elementor-12067\">\n\t\t\t\t<div class=\"elementor-element elementor-element-fa83b45 e-flex e-con-boxed pxl-column-none pxl-row-scroll-none pxl-zoom-point-false pxl-section-overflow-visible pxl-section-fix-none pxl-full-content-with-space-none pxl-bg-color-none pxl-section-overlay-none e-con e-parent \" data-id=\"fa83b45\" data-element_type=\"container\" data-e-type=\"container\" data-settings=\"{&quot;background_background&quot;:&quot;classic&quot;}\">\t\t\t<div class=\"e-con-inner\">\r\n\t\t<div class=\"elementor-element elementor-element-6a24fbe e-con-full e-flex pxl-column-none pxl-row-scroll-none pxl-zoom-point-false pxl-section-overflow-visible pxl-section-fix-none pxl-full-content-with-space-none pxl-bg-color-none pxl-section-overlay-none e-con e-child \" data-id=\"6a24fbe\" data-element_type=\"container\" data-e-type=\"container\"><div class=\"elementor-element elementor-element-73c6f62 e-con-full e-flex pxl-column-none pxl-row-scroll-none pxl-zoom-point-false pxl-section-overflow-visible pxl-section-fix-none pxl-full-content-with-space-none pxl-bg-color-none pxl-section-overlay-none e-con e-child \" data-id=\"73c6f62\" data-element_type=\"container\" data-e-type=\"container\">\t\t<div class=\"elementor-element elementor-element-40295db elementor-widget elementor-widget-pxl_banner_box\" data-id=\"40295db\" data-element_type=\"widget\" data-e-type=\"widget\" data-widget_type=\"pxl_banner_box.default\">\n\t\t\t\t<div class=\"elementor-widget-container\">\n\t\t\t\t\t\r\n<div id=\"pxl_banner_box-40295db-1625\" class=\"pxl-banner-box pxl-banner-box1 \" data-wow-delay=\"ms\">\r\n    <div class=\"pxl-banner-inner style-default\">\r\n        <a class=\"pxl-inner-link\" href=\"https:\/\/enterconn.com\/itsecurity\/service\/cloud-computing-hiperconvergencia\/\"><\/a>\r\n        <div class=\"row\">\r\n            <div class=\"col-sm-6\">\r\n                <div class=\"pxl-item-content\">\r\n                                            <h3 class=\"pxl-item-title\">\r\n                            Cloud Computing &amp; Hiperconvergencia                        <\/h3>\r\n                                                                <div class=\"pxl-item-desc\">\r\n                            Soluciones cloud e hiperconvergentes.                        <\/div>\r\n                                    <\/div>\r\n            <\/div>\r\n            <div class=\"col-sm-6\">\r\n                <div class=\"pxl-inner-section\">\r\n                                            <div class=\"pxl-item--img\">\r\n                            <img fetchpriority=\"high\" decoding=\"async\" class=\"\" src=\"https:\/\/enterconn.com\/itsecurity\/wp-content\/uploads\/2026\/03\/Cloud-Computing-Hiperconvergencia.jpg\" width=\"800\" height=\"800\" alt=\"Cloud Computing &amp; Hiperconvergencia\" title=\"Cloud Computing &amp; Hiperconvergencia\" \/>                        <\/div>\r\n                                                                <div class=\"pxl-item-number\">\r\n                            01                        <\/div>\r\n                                    <\/div>\r\n            <\/div>\r\n        <\/div>\r\n    <\/div>\r\n<\/div>\t\t\t\t<\/div>\n\t\t\t\t<\/div>\n\t\t\t\t<\/div>\r\n\t\t<div class=\"elementor-element elementor-element-c21e861 e-con-full e-flex pxl-column-none pxl-row-scroll-none pxl-zoom-point-false pxl-section-overflow-visible pxl-section-fix-none pxl-full-content-with-space-none pxl-bg-color-none pxl-section-overlay-none e-con e-child \" data-id=\"c21e861\" data-element_type=\"container\" data-e-type=\"container\">\t\t<div class=\"elementor-element elementor-element-a39326c elementor-widget elementor-widget-pxl_banner_box\" data-id=\"a39326c\" data-element_type=\"widget\" data-e-type=\"widget\" data-widget_type=\"pxl_banner_box.default\">\n\t\t\t\t<div class=\"elementor-widget-container\">\n\t\t\t\t\t\r\n<div id=\"pxl_banner_box-a39326c-2008\" class=\"pxl-banner-box pxl-banner-box1 \" data-wow-delay=\"ms\">\r\n    <div class=\"pxl-banner-inner style3\">\r\n        <a class=\"pxl-inner-link\" href=\"https:\/\/enterconn.com\/itsecurity\/service\/sistemas-de-almacenamiento-nas-san\/\"><\/a>\r\n        <div class=\"row\">\r\n            <div class=\"col-sm-6\">\r\n                <div class=\"pxl-item-content\">\r\n                                            <h3 class=\"pxl-item-title\">\r\n                            Sistemas de Almacenamiento (NAS \/ SAN)                        <\/h3>\r\n                                                                <div class=\"pxl-item-desc\">\r\n                            Implementamos soluciones de almacenamiento confiables.                        <\/div>\r\n                                    <\/div>\r\n            <\/div>\r\n            <div class=\"col-sm-6\">\r\n                <div class=\"pxl-inner-section\">\r\n                                            <div class=\"pxl-item--img\">\r\n                            <img decoding=\"async\" class=\"\" src=\"https:\/\/enterconn.com\/itsecurity\/wp-content\/uploads\/2026\/03\/Sistemas-de-Almacenamiento-NAS-SAN.jpg\" width=\"800\" height=\"800\" alt=\"Sistemas de Almacenamiento-NAS-SAN\" title=\"Sistemas de Almacenamiento-NAS-SAN\" \/>                        <\/div>\r\n                                                                <div class=\"pxl-item-number\">\r\n                            02                        <\/div>\r\n                                    <\/div>\r\n            <\/div>\r\n        <\/div>\r\n    <\/div>\r\n<\/div>\t\t\t\t<\/div>\n\t\t\t\t<\/div>\n\t\t\t\t<\/div>\r\n\t\t\t\t<\/div>\r\n\t\t<div class=\"elementor-element elementor-element-f590e1e e-con-full e-flex pxl-column-none pxl-row-scroll-none pxl-zoom-point-false pxl-section-overflow-visible pxl-section-fix-none pxl-full-content-with-space-none pxl-bg-color-none pxl-section-overlay-none e-con e-child \" data-id=\"f590e1e\" data-element_type=\"container\" data-e-type=\"container\"><div class=\"elementor-element elementor-element-5419f00 e-con-full e-flex pxl-column-none pxl-row-scroll-none pxl-zoom-point-false pxl-section-overflow-visible pxl-section-fix-none pxl-full-content-with-space-none pxl-bg-color-none pxl-section-overlay-none e-con e-child \" data-id=\"5419f00\" data-element_type=\"container\" data-e-type=\"container\">\t\t<div class=\"elementor-element elementor-element-2733376 elementor-widget elementor-widget-pxl_banner_box\" data-id=\"2733376\" data-element_type=\"widget\" data-e-type=\"widget\" data-widget_type=\"pxl_banner_box.default\">\n\t\t\t\t<div class=\"elementor-widget-container\">\n\t\t\t\t\t\r\n<div id=\"pxl_banner_box-2733376-1420\" class=\"pxl-banner-box pxl-banner-box1 \" data-wow-delay=\"ms\">\r\n    <div class=\"pxl-banner-inner style3\">\r\n        <a class=\"pxl-inner-link\" href=\"https:\/\/enterconn.com\/itsecurity\/service\/backup-recuperacion-y-migracion-de-datos\/\"><\/a>\r\n        <div class=\"row\">\r\n            <div class=\"col-sm-6\">\r\n                <div class=\"pxl-item-content\">\r\n                                            <h3 class=\"pxl-item-title\">\r\n                            Backup, Recuperaci\u00f3n y Migraci\u00f3n de Datos                        <\/h3>\r\n                                                                <div class=\"pxl-item-desc\">\r\n                            Respaldo, recuperaci\u00f3n ante desastres y migraci\u00f3n segura de informaci\u00f3n.                        <\/div>\r\n                                    <\/div>\r\n            <\/div>\r\n            <div class=\"col-sm-6\">\r\n                <div class=\"pxl-inner-section\">\r\n                                            <div class=\"pxl-item--img\">\r\n                            <img decoding=\"async\" class=\"\" src=\"https:\/\/enterconn.com\/itsecurity\/wp-content\/uploads\/2026\/04\/Backup-Recuperacion-Migracion-de-Datos-1-1000x1000.png\" width=\"1000\" height=\"1000\" alt=\"Backup-Recuperaci\u00f3n-Migraci\u00f3n-de-Datos-1\" title=\"Backup-Recuperaci\u00f3n-Migraci\u00f3n-de-Datos-1\" \/>                        <\/div>\r\n                                                                <div class=\"pxl-item-number\">\r\n                            03                        <\/div>\r\n                                    <\/div>\r\n            <\/div>\r\n        <\/div>\r\n    <\/div>\r\n<\/div>\t\t\t\t<\/div>\n\t\t\t\t<\/div>\n\t\t\t\t<\/div>\r\n\t\t<div class=\"elementor-element elementor-element-efb84d2 e-con-full e-flex pxl-column-none pxl-row-scroll-none pxl-zoom-point-false pxl-section-overflow-visible pxl-section-fix-none pxl-full-content-with-space-none pxl-bg-color-none pxl-section-overlay-none e-con e-child \" data-id=\"efb84d2\" data-element_type=\"container\" data-e-type=\"container\">\t\t<div class=\"elementor-element elementor-element-35aaeba elementor-widget elementor-widget-pxl_banner_box\" data-id=\"35aaeba\" data-element_type=\"widget\" data-e-type=\"widget\" data-widget_type=\"pxl_banner_box.default\">\n\t\t\t\t<div class=\"elementor-widget-container\">\n\t\t\t\t\t\r\n<div id=\"pxl_banner_box-35aaeba-8223\" class=\"pxl-banner-box pxl-banner-box1 \" data-wow-delay=\"ms\">\r\n    <div class=\"pxl-banner-inner style-default\">\r\n        <a class=\"pxl-inner-link\" href=\"https:\/\/enterconn.com\/itsecurity\/service\/infraestructura-cloud\/\"><\/a>\r\n        <div class=\"row\">\r\n            <div class=\"col-sm-6\">\r\n                <div class=\"pxl-item-content\">\r\n                                            <h3 class=\"pxl-item-title\">\r\n                            Infraestructura &amp; Cloud                        <\/h3>\r\n                                                                <div class=\"pxl-item-desc\">\r\n                            Infraestructura moderna, escalable y preparada para el negocio.                        <\/div>\r\n                                    <\/div>\r\n            <\/div>\r\n            <div class=\"col-sm-6\">\r\n                <div class=\"pxl-inner-section\">\r\n                                            <div class=\"pxl-item--img\">\r\n                            <img loading=\"lazy\" decoding=\"async\" class=\"\" src=\"https:\/\/enterconn.com\/itsecurity\/wp-content\/uploads\/2026\/04\/Infraestructura-Cloud-1000x1000.png\" width=\"1000\" height=\"1000\" alt=\"Infraestructura-&amp;-Cloud\" title=\"Infraestructura-&amp;-Cloud\" \/>                        <\/div>\r\n                                                                <div class=\"pxl-item-number\">\r\n                            04                        <\/div>\r\n                                    <\/div>\r\n            <\/div>\r\n        <\/div>\r\n    <\/div>\r\n<\/div>\t\t\t\t<\/div>\n\t\t\t\t<\/div>\n\t\t\t\t<\/div>\r\n\t\t\t\t<\/div>\r\n\t\t\t\t\t<\/div>\r\n\t\t\t\t<\/div>\r\n\t\t\t\t<\/div>\n\t\t","protected":false},"excerpt":{"rendered":"<p>Cloud Computing &amp; Hiperconvergencia Soluciones cloud e hiperconvergentes. 01 Sistemas de Almacenamiento (NAS \/ SAN) Implementamos soluciones de almacenamiento confiables. 02 Backup, Recuperaci\u00f3n y Migraci\u00f3n de Datos Respaldo, recuperaci\u00f3n ante desastres y migraci\u00f3n segura de informaci\u00f3n. 03 Infraestructura &amp; Cloud Infraestructura moderna, escalable y preparada para el negocio. 04<\/p>\n","protected":false},"author":1,"featured_media":16344,"parent":0,"menu_order":0,"comment_status":"closed","ping_status":"closed","template":"","meta":{"footnotes":""},"class_list":["post-12067","page","type-page","status-publish","has-post-thumbnail","hentry"],"_links":{"self":[{"href":"https:\/\/enterconn.com\/itsecurity\/wp-json\/wp\/v2\/pages\/12067","targetHints":{"allow":["GET"]}}],"collection":[{"href":"https:\/\/enterconn.com\/itsecurity\/wp-json\/wp\/v2\/pages"}],"about":[{"href":"https:\/\/enterconn.com\/itsecurity\/wp-json\/wp\/v2\/types\/page"}],"author":[{"embeddable":true,"href":"https:\/\/enterconn.com\/itsecurity\/wp-json\/wp\/v2\/users\/1"}],"replies":[{"embeddable":true,"href":"https:\/\/enterconn.com\/itsecurity\/wp-json\/wp\/v2\/comments?post=12067"}],"version-history":[{"count":29,"href":"https:\/\/enterconn.com\/itsecurity\/wp-json\/wp\/v2\/pages\/12067\/revisions"}],"predecessor-version":[{"id":17551,"href":"https:\/\/enterconn.com\/itsecurity\/wp-json\/wp\/v2\/pages\/12067\/revisions\/17551"}],"wp:featuredmedia":[{"embeddable":true,"href":"https:\/\/enterconn.com\/itsecurity\/wp-json\/wp\/v2\/media\/16344"}],"wp:attachment":[{"href":"https:\/\/enterconn.com\/itsecurity\/wp-json\/wp\/v2\/media?parent=12067"}],"curies":[{"name":"wp","href":"https:\/\/api.w.org\/{rel}","templated":true}]}}